{"id":250,"date":"2024-02-20T02:54:07","date_gmt":"2024-02-20T01:54:07","guid":{"rendered":"https:\/\/ratier-figeac.fr\/?page_id=250"},"modified":"2024-02-20T03:15:17","modified_gmt":"2024-02-20T02:15:17","slug":"notre-savoir-faire","status":"publish","type":"page","link":"https:\/\/ratier-figeac.fr\/en\/notre-savoir-faire\/","title":{"rendered":"Our expertise"},"content":{"rendered":"<div data-elementor-type=\"wp-page\" data-elementor-id=\"250\" class=\"elementor elementor-250\" data-elementor-post-type=\"page\">\n\t\t\t\t\t\t<section data-particle_enable=\"false\" data-particle-mobile-disabled=\"false\" class=\"elementor-section elementor-top-section elementor-element elementor-element-38eb48df elementor-section-boxed elementor-section-height-default elementor-section-height-default\" data-id=\"38eb48df\" data-element_type=\"section\" data-e-type=\"section\" data-settings=\"{&quot;background_background&quot;:&quot;classic&quot;}\">\n\t\t\t\t\t\t\t<div class=\"elementor-background-overlay\"><\/div>\n\t\t\t\t\t\t\t<div class=\"elementor-container elementor-column-gap-no\">\n\t\t\t\t\t<div class=\"elementor-column elementor-col-100 elementor-top-column elementor-element elementor-element-46b37a18 elementor-invisible\" data-id=\"46b37a18\" data-element_type=\"column\" data-e-type=\"column\" data-settings=\"{&quot;animation&quot;:&quot;fadeInUp&quot;}\">\n\t\t\t<div class=\"elementor-widget-wrap elementor-element-populated\">\n\t\t\t\t\t\t<div class=\"elementor-element elementor-element-3ffe9e86 elementor-widget elementor-widget-heading\" data-id=\"3ffe9e86\" data-element_type=\"widget\" data-e-type=\"widget\" data-widget_type=\"heading.default\">\n\t\t\t\t<div class=\"elementor-widget-container\">\n\t\t\t\t\t<h1 class=\"elementor-heading-title elementor-size-default\">Our expertise<\/h1>\t\t\t\t<\/div>\n\t\t\t\t<\/div>\n\t\t\t\t\t<\/div>\n\t\t<\/div>\n\t\t\t\t\t<\/div>\n\t\t<\/section>\n\t\t\t\t<section data-particle_enable=\"false\" data-particle-mobile-disabled=\"false\" class=\"elementor-section elementor-top-section elementor-element elementor-element-457aaedc elementor-section-full_width elementor-section-height-default elementor-section-height-default\" data-id=\"457aaedc\" data-element_type=\"section\" data-e-type=\"section\">\n\t\t\t\t\t\t<div class=\"elementor-container elementor-column-gap-default\">\n\t\t\t\t\t<div class=\"elementor-column elementor-col-100 elementor-top-column elementor-element elementor-element-6788e402\" data-id=\"6788e402\" data-element_type=\"column\" data-e-type=\"column\">\n\t\t\t<div class=\"elementor-widget-wrap elementor-element-populated\">\n\t\t\t\t\t\t<div class=\"elementor-element elementor-element-5fb972e4 elementor-widget elementor-widget-spacer\" data-id=\"5fb972e4\" data-element_type=\"widget\" data-e-type=\"widget\" data-widget_type=\"spacer.default\">\n\t\t\t\t<div class=\"elementor-widget-container\">\n\t\t\t\t\t\t\t<div class=\"elementor-spacer\">\n\t\t\t<div class=\"elementor-spacer-inner\"><\/div>\n\t\t<\/div>\n\t\t\t\t\t\t<\/div>\n\t\t\t\t<\/div>\n\t\t\t\t<section data-particle_enable=\"false\" data-particle-mobile-disabled=\"false\" class=\"elementor-section elementor-inner-section elementor-element elementor-element-1a7b1080 elementor-section-boxed elementor-section-height-default elementor-section-height-default\" data-id=\"1a7b1080\" data-element_type=\"section\" data-e-type=\"section\">\n\t\t\t\t\t\t<div class=\"elementor-container elementor-column-gap-no\">\n\t\t\t\t\t<div class=\"elementor-column elementor-col-100 elementor-inner-column elementor-element elementor-element-5b5ae862\" data-id=\"5b5ae862\" data-element_type=\"column\" data-e-type=\"column\">\n\t\t\t<div class=\"elementor-widget-wrap elementor-element-populated\">\n\t\t\t\t\t\t<div class=\"elementor-element elementor-element-7f5e7bad elementor-widget elementor-widget-text-editor\" data-id=\"7f5e7bad\" data-element_type=\"widget\" data-e-type=\"widget\" data-widget_type=\"text-editor.default\">\n\t\t\t\t<div class=\"elementor-widget-container\">\n\t\t\t\t\t\t\t\t\t<p>Established in 1904, Ratier moved to Figeac in 1918.<\/p><p>A century later, it has become the leading employer in the Lot department of France, employing nearly 1,400 personnel at its site.<\/p><p>A world leader in the design and manufacture of aircraft propellers, the company equips the Airbus A400M Atlas of European forces, the Atlantic 2, the C130H Hercules of American and international forces, the Airbus C295 and the ATR worldwide. Ratier-Figeac is also a leading supplier of cockpit equipment.<\/p><p>Our technical and industrial know-how is known and recognized internationally, since we now export 60% of our production, especially for the world\u2019s largest players (Airbus, ATR, Bombardier, Boeing, Comac, Dassault, Northrop Grumman, US DoD, etc.).<\/p><p>Our innovation and investment policy for our products and our production resources is on a par with our ambitions. Our dynamic social policy has been created to enhance employee satisfaction and to attract future employees. We are actively involved in the training of young people through our apprenticeship scheme and partnerships with specialist organizations including the Department of Education, to adapt training to our future needs (Careers and Qualifications Campus - Industry of the Future).<\/p><p>\u00a0<\/p><p>Our company has earned its place as a manufacturer of aeronautical systems and a major player in the global aeronautics market through its high level of expertise and know-how in a variety of domains :<\/p><p>Studies, Research and Development, Production, Repair, Logistics, Purchasing, Programs, Quality, Methods, Marketing, Sales, Supports.<\/p>\t\t\t\t\t\t\t\t<\/div>\n\t\t\t\t<\/div>\n\t\t\t\t<div class=\"elementor-element elementor-element-349bba7a elementor-widget elementor-widget-spacer\" data-id=\"349bba7a\" data-element_type=\"widget\" data-e-type=\"widget\" data-widget_type=\"spacer.default\">\n\t\t\t\t<div class=\"elementor-widget-container\">\n\t\t\t\t\t\t\t<div class=\"elementor-spacer\">\n\t\t\t<div class=\"elementor-spacer-inner\"><\/div>\n\t\t<\/div>\n\t\t\t\t\t\t<\/div>\n\t\t\t\t<\/div>\n\t\t\t\t<div class=\"elementor-element elementor-element-7644c680 elementor-widget elementor-widget-image\" data-id=\"7644c680\" data-element_type=\"widget\" data-e-type=\"widget\" data-widget_type=\"image.default\">\n\t\t\t\t<div class=\"elementor-widget-container\">\n\t\t\t\t\t\t\t\t\t\t\t\t\t\t\t<img fetchpriority=\"high\" decoding=\"async\" width=\"2134\" height=\"2412\" src=\"https:\/\/ratier-figeac.fr\/wp-content\/uploads\/2024\/02\/Visuel-frise-Savoir-faire-ANGLAIS-2.png\" class=\"attachment-full size-full wp-image-254\" alt=\"\" \/>\t\t\t\t\t\t\t\t\t\t\t\t\t\t\t<\/div>\n\t\t\t\t<\/div>\n\t\t\t\t<div class=\"elementor-element elementor-element-1f99f6cb elementor-widget elementor-widget-spacer\" data-id=\"1f99f6cb\" data-element_type=\"widget\" data-e-type=\"widget\" data-widget_type=\"spacer.default\">\n\t\t\t\t<div class=\"elementor-widget-container\">\n\t\t\t\t\t\t\t<div class=\"elementor-spacer\">\n\t\t\t<div class=\"elementor-spacer-inner\"><\/div>\n\t\t<\/div>\n\t\t\t\t\t\t<\/div>\n\t\t\t\t<\/div>\n\t\t\t\t\t<\/div>\n\t\t<\/div>\n\t\t\t\t\t<\/div>\n\t\t<\/section>\n\t\t\t\t\t<\/div>\n\t\t<\/div>\n\t\t\t\t\t<\/div>\n\t\t<\/section>\n\t\t\t\t<\/div>","protected":false},"excerpt":{"rendered":"<p>Notre savoir-faire Fond\u00e9e en 1904, Ratier s&rsquo;installe \u00e0 Figeac en 1918. Un si\u00e8cle apr\u00e8s, elle est devenue le premier employeur du Lot avec pr\u00e8s de 1 400 collaborateurs bas\u00e9s sur son site. Leader mondial dans la conception et la fabrication des h\u00e9lices d\u2019avions, l\u2019entreprise \u00e9quipe notamment l\u2019Airbus A400M Atlas des forces europ\u00e9ennes, les Atlantique 2, [&hellip;]<\/p>","protected":false},"author":1,"featured_media":0,"parent":0,"menu_order":0,"comment_status":"closed","ping_status":"closed","template":"","meta":{"footnotes":""},"class_list":["post-250","page","type-page","status-publish","hentry"],"_links":{"self":[{"href":"https:\/\/ratier-figeac.fr\/en\/wp-json\/wp\/v2\/pages\/250","targetHints":{"allow":["GET"]}}],"collection":[{"href":"https:\/\/ratier-figeac.fr\/en\/wp-json\/wp\/v2\/pages"}],"about":[{"href":"https:\/\/ratier-figeac.fr\/en\/wp-json\/wp\/v2\/types\/page"}],"author":[{"embeddable":true,"href":"https:\/\/ratier-figeac.fr\/en\/wp-json\/wp\/v2\/users\/1"}],"replies":[{"embeddable":true,"href":"https:\/\/ratier-figeac.fr\/en\/wp-json\/wp\/v2\/comments?post=250"}],"version-history":[{"count":7,"href":"https:\/\/ratier-figeac.fr\/en\/wp-json\/wp\/v2\/pages\/250\/revisions"}],"predecessor-version":[{"id":328,"href":"https:\/\/ratier-figeac.fr\/en\/wp-json\/wp\/v2\/pages\/250\/revisions\/328"}],"wp:attachment":[{"href":"https:\/\/ratier-figeac.fr\/en\/wp-json\/wp\/v2\/media?parent=250"}],"curies":[{"name":"wp","href":"https:\/\/api.w.org\/{rel}","templated":true}]}}