{"id":138,"date":"2024-02-20T02:34:31","date_gmt":"2024-02-20T01:34:31","guid":{"rendered":"https:\/\/ratier-figeac.fr\/?page_id=138"},"modified":"2024-02-20T02:34:53","modified_gmt":"2024-02-20T01:34:53","slug":"mention-relative-aux-cookies","status":"publish","type":"page","link":"https:\/\/ratier-figeac.fr\/en\/mention-relative-aux-cookies\/","title":{"rendered":"Mention relative aux cookies"},"content":{"rendered":"<div data-elementor-type=\"wp-page\" data-elementor-id=\"138\" class=\"elementor elementor-138\" data-elementor-post-type=\"page\">\n\t\t\t\t\t\t<section data-particle_enable=\"false\" data-particle-mobile-disabled=\"false\" class=\"elementor-section elementor-top-section elementor-element elementor-element-550784ac elementor-section-boxed elementor-section-height-default elementor-section-height-default\" data-id=\"550784ac\" data-element_type=\"section\" data-e-type=\"section\" data-settings=\"{&quot;background_background&quot;:&quot;classic&quot;}\">\n\t\t\t\t\t\t\t<div class=\"elementor-background-overlay\"><\/div>\n\t\t\t\t\t\t\t<div class=\"elementor-container elementor-column-gap-no\">\n\t\t\t\t\t<div class=\"elementor-column elementor-col-100 elementor-top-column elementor-element elementor-element-4097e61b elementor-invisible\" data-id=\"4097e61b\" data-element_type=\"column\" data-e-type=\"column\" data-settings=\"{&quot;animation&quot;:&quot;fadeInUp&quot;}\">\n\t\t\t<div class=\"elementor-widget-wrap elementor-element-populated\">\n\t\t\t\t\t\t<div class=\"elementor-element elementor-element-7d971b25 elementor-hidden-mobile elementor-widget elementor-widget-spacer\" data-id=\"7d971b25\" data-element_type=\"widget\" data-e-type=\"widget\" data-widget_type=\"spacer.default\">\n\t\t\t\t<div class=\"elementor-widget-container\">\n\t\t\t\t\t\t\t<div class=\"elementor-spacer\">\n\t\t\t<div class=\"elementor-spacer-inner\"><\/div>\n\t\t<\/div>\n\t\t\t\t\t\t<\/div>\n\t\t\t\t<\/div>\n\t\t\t\t<div class=\"elementor-element elementor-element-5875db13 elementor-widget elementor-widget-heading\" data-id=\"5875db13\" data-element_type=\"widget\" data-e-type=\"widget\" data-widget_type=\"heading.default\">\n\t\t\t\t<div class=\"elementor-widget-container\">\n\t\t\t\t\t<h1 class=\"elementor-heading-title elementor-size-default\">Notice relating to cookies<\/h1>\t\t\t\t<\/div>\n\t\t\t\t<\/div>\n\t\t\t\t<div class=\"elementor-element elementor-element-6fc2afaa elementor-hidden-mobile elementor-widget elementor-widget-spacer\" data-id=\"6fc2afaa\" data-element_type=\"widget\" data-e-type=\"widget\" data-widget_type=\"spacer.default\">\n\t\t\t\t<div class=\"elementor-widget-container\">\n\t\t\t\t\t\t\t<div class=\"elementor-spacer\">\n\t\t\t<div class=\"elementor-spacer-inner\"><\/div>\n\t\t<\/div>\n\t\t\t\t\t\t<\/div>\n\t\t\t\t<\/div>\n\t\t\t\t\t<\/div>\n\t\t<\/div>\n\t\t\t\t\t<\/div>\n\t\t<\/section>\n\t\t\t\t<section data-particle_enable=\"false\" data-particle-mobile-disabled=\"false\" class=\"elementor-section elementor-top-section elementor-element elementor-element-4c2641ed elementor-section-boxed elementor-section-height-default elementor-section-height-default\" data-id=\"4c2641ed\" data-element_type=\"section\" data-e-type=\"section\">\n\t\t\t\t\t\t<div class=\"elementor-container elementor-column-gap-default\">\n\t\t\t\t\t<div class=\"elementor-column elementor-col-100 elementor-top-column elementor-element elementor-element-86d995f\" data-id=\"86d995f\" data-element_type=\"column\" data-e-type=\"column\">\n\t\t\t<div class=\"elementor-widget-wrap elementor-element-populated\">\n\t\t\t\t\t\t<div class=\"elementor-element elementor-element-4661d35e elementor-widget elementor-widget-spacer\" data-id=\"4661d35e\" data-element_type=\"widget\" data-e-type=\"widget\" data-widget_type=\"spacer.default\">\n\t\t\t\t<div class=\"elementor-widget-container\">\n\t\t\t\t\t\t\t<div class=\"elementor-spacer\">\n\t\t\t<div class=\"elementor-spacer-inner\"><\/div>\n\t\t<\/div>\n\t\t\t\t\t\t<\/div>\n\t\t\t\t<\/div>\n\t\t\t\t<div class=\"elementor-element elementor-element-21bb4188 elementor-widget elementor-widget-text-editor\" data-id=\"21bb4188\" data-element_type=\"widget\" data-e-type=\"widget\" data-widget_type=\"text-editor.default\">\n\t\t\t\t<div class=\"elementor-widget-container\">\n\t\t\t\t\t\t\t\t\t<div class=\"container-fluid main-container-wrapper\"><div class=\"main-container container js-quickedit-main-content\" role=\"main\"><div class=\"row\"><section class=\"col-sm-12\"><div class=\"region region-content region-\"><div class=\"field field--name-body field--type-text-with-summary field--label-hidden field--items\"><div class=\"field--item\"><p>We use different cookies on the site to improve the interactivity of the site and our services.<\/p><p>What is a \"cookie\" ?<\/p><p>A \u201ccookie\u201d is a string of information, usually small and identified by a name, that may be transmitted to your browser by a website to which you connect. Your web browser will store it for a certain period of time, and send it back to the web server each time you connect to it again. Cookies have multiple uses: they can be used to memorize your customer ID on a merchant site, the current contents of your shopping cart, an ID allowing your browsing to be traced for statistical or advertising purposes, etc.<\/p><p><b>1 type of cookies is placed on the Ratier-Figeac site:<\/b><\/p><p><b>Internal cookies necessary for the site to function<\/b><\/p><p>These cookies allow the site to function optimally. You can object and delete them using your browser settings, however your user experience may be degraded.<\/p><p>\u00a0<\/p><table cellspacing=\"0\" cellpadding=\"0\"><tbody><tr><td valign=\"top\"><p><b>Cookie name<\/b><\/p><\/td><td valign=\"top\"><p><b>Purpose<\/b><\/p><\/td><td valign=\"top\"><p><b>The duration of the conversation<\/b><\/p><\/td><\/tr><tr><td valign=\"top\"><p>cookie-agreed<\/p><\/td><td valign=\"top\"><p>Record the user's decision to accept or refuse cookies.<\/p><\/td><td valign=\"top\"><p>100 days<\/p><\/td><\/tr><\/tbody><\/table><p>\u00a0<\/p><p>Through the \u201cContact\u201d page, we also collect your IP address to determine the city from which you are connecting. This is immediately anonymized after use. Ratier-Figeac cannot therefore under any circumstances trace this to a natural person.<\/p><p>The personal data collected (Cookies, IP and information submitted via the contact form) are kept by Ratier-Figeac for a period of 13 months. This personal data is not transferred to third parties or used for other purposes.<\/p><p>You can choose to refuse cookies and consent to the use of personal data submitted via the contact form.<\/p><p>\u00a0<\/p><\/div><\/div><\/div><\/section><\/div><\/div><\/div>\t\t\t\t\t\t\t\t<\/div>\n\t\t\t\t<\/div>\n\t\t\t\t\t<\/div>\n\t\t<\/div>\n\t\t\t\t\t<\/div>\n\t\t<\/section>\n\t\t\t\t<\/div>","protected":false},"excerpt":{"rendered":"<p>Mentions relatives aux cookies Nous utilisons diff\u00e9rents cookies sur le site pour am\u00e9liorer l\u2019interactivit\u00e9 du site et\u00a0 nos services. Qu&rsquo;est-ce qu&rsquo;un \u00ab\u00a0cookie\u00a0\u00bb ? Un \u00ab\u00a0cookie\u00a0\u00bb est une suite d&rsquo;informations, g\u00e9n\u00e9ralement de petite taille et identifi\u00e9 par un nom, qui peut \u00eatre transmis \u00e0 votre navigateur par un site web sur lequel vous vous connectez. Votre [&hellip;]<\/p>","protected":false},"author":1,"featured_media":0,"parent":0,"menu_order":0,"comment_status":"closed","ping_status":"closed","template":"","meta":{"footnotes":""},"class_list":["post-138","page","type-page","status-publish","hentry"],"_links":{"self":[{"href":"https:\/\/ratier-figeac.fr\/en\/wp-json\/wp\/v2\/pages\/138","targetHints":{"allow":["GET"]}}],"collection":[{"href":"https:\/\/ratier-figeac.fr\/en\/wp-json\/wp\/v2\/pages"}],"about":[{"href":"https:\/\/ratier-figeac.fr\/en\/wp-json\/wp\/v2\/types\/page"}],"author":[{"embeddable":true,"href":"https:\/\/ratier-figeac.fr\/en\/wp-json\/wp\/v2\/users\/1"}],"replies":[{"embeddable":true,"href":"https:\/\/ratier-figeac.fr\/en\/wp-json\/wp\/v2\/comments?post=138"}],"version-history":[{"count":4,"href":"https:\/\/ratier-figeac.fr\/en\/wp-json\/wp\/v2\/pages\/138\/revisions"}],"predecessor-version":[{"id":146,"href":"https:\/\/ratier-figeac.fr\/en\/wp-json\/wp\/v2\/pages\/138\/revisions\/146"}],"wp:attachment":[{"href":"https:\/\/ratier-figeac.fr\/en\/wp-json\/wp\/v2\/media?parent=138"}],"curies":[{"name":"wp","href":"https:\/\/api.w.org\/{rel}","templated":true}]}}