{"id":129,"date":"2024-02-20T02:30:35","date_gmt":"2024-02-20T01:30:35","guid":{"rendered":"https:\/\/ratier-figeac.fr\/?page_id=129"},"modified":"2024-02-20T09:21:55","modified_gmt":"2024-02-20T08:21:55","slug":"mentions-legales","status":"publish","type":"page","link":"https:\/\/ratier-figeac.fr\/en\/mentions-legales\/","title":{"rendered":"Legal Notice"},"content":{"rendered":"<div data-elementor-type=\"wp-page\" data-elementor-id=\"129\" class=\"elementor elementor-129\" data-elementor-post-type=\"page\">\n\t\t\t\t\t\t<section data-particle_enable=\"false\" data-particle-mobile-disabled=\"false\" class=\"elementor-section elementor-top-section elementor-element elementor-element-1e5885f elementor-section-boxed elementor-section-height-default elementor-section-height-default\" data-id=\"1e5885f\" data-element_type=\"section\" data-e-type=\"section\" data-settings=\"{&quot;background_background&quot;:&quot;classic&quot;}\">\n\t\t\t\t\t\t\t<div class=\"elementor-background-overlay\"><\/div>\n\t\t\t\t\t\t\t<div class=\"elementor-container elementor-column-gap-no\">\n\t\t\t\t\t<div class=\"elementor-column elementor-col-100 elementor-top-column elementor-element elementor-element-10d675dc elementor-invisible\" data-id=\"10d675dc\" data-element_type=\"column\" data-e-type=\"column\" data-settings=\"{&quot;animation&quot;:&quot;fadeInUp&quot;}\">\n\t\t\t<div class=\"elementor-widget-wrap elementor-element-populated\">\n\t\t\t\t\t\t<div class=\"elementor-element elementor-element-f1dac05 elementor-hidden-tablet elementor-hidden-mobile elementor-widget elementor-widget-spacer\" data-id=\"f1dac05\" data-element_type=\"widget\" data-e-type=\"widget\" data-widget_type=\"spacer.default\">\n\t\t\t\t<div class=\"elementor-widget-container\">\n\t\t\t\t\t\t\t<div class=\"elementor-spacer\">\n\t\t\t<div class=\"elementor-spacer-inner\"><\/div>\n\t\t<\/div>\n\t\t\t\t\t\t<\/div>\n\t\t\t\t<\/div>\n\t\t\t\t<div class=\"elementor-element elementor-element-3c710f0d elementor-widget elementor-widget-heading\" data-id=\"3c710f0d\" data-element_type=\"widget\" data-e-type=\"widget\" data-widget_type=\"heading.default\">\n\t\t\t\t<div class=\"elementor-widget-container\">\n\t\t\t\t\t<h1 class=\"elementor-heading-title elementor-size-default\">Legal Notice <\/h1>\t\t\t\t<\/div>\n\t\t\t\t<\/div>\n\t\t\t\t<div class=\"elementor-element elementor-element-7d0f40a9 elementor-hidden-tablet elementor-hidden-mobile elementor-widget elementor-widget-spacer\" data-id=\"7d0f40a9\" data-element_type=\"widget\" data-e-type=\"widget\" data-widget_type=\"spacer.default\">\n\t\t\t\t<div class=\"elementor-widget-container\">\n\t\t\t\t\t\t\t<div class=\"elementor-spacer\">\n\t\t\t<div class=\"elementor-spacer-inner\"><\/div>\n\t\t<\/div>\n\t\t\t\t\t\t<\/div>\n\t\t\t\t<\/div>\n\t\t\t\t\t<\/div>\n\t\t<\/div>\n\t\t\t\t\t<\/div>\n\t\t<\/section>\n\t\t\t\t<section data-particle_enable=\"false\" data-particle-mobile-disabled=\"false\" class=\"elementor-section elementor-top-section elementor-element elementor-element-a4121ae elementor-section-boxed elementor-section-height-default elementor-section-height-default\" data-id=\"a4121ae\" data-element_type=\"section\" data-e-type=\"section\">\n\t\t\t\t\t\t<div class=\"elementor-container elementor-column-gap-default\">\n\t\t\t\t\t<div class=\"elementor-column elementor-col-100 elementor-top-column elementor-element elementor-element-592d8e0c\" data-id=\"592d8e0c\" data-element_type=\"column\" data-e-type=\"column\">\n\t\t\t<div class=\"elementor-widget-wrap elementor-element-populated\">\n\t\t\t\t\t\t<div class=\"elementor-element elementor-element-443ea0f7 elementor-widget elementor-widget-spacer\" data-id=\"443ea0f7\" data-element_type=\"widget\" data-e-type=\"widget\" data-widget_type=\"spacer.default\">\n\t\t\t\t<div class=\"elementor-widget-container\">\n\t\t\t\t\t\t\t<div class=\"elementor-spacer\">\n\t\t\t<div class=\"elementor-spacer-inner\"><\/div>\n\t\t<\/div>\n\t\t\t\t\t\t<\/div>\n\t\t\t\t<\/div>\n\t\t\t\t<div class=\"elementor-element elementor-element-41b4cea elementor-widget elementor-widget-text-editor\" data-id=\"41b4cea\" data-element_type=\"widget\" data-e-type=\"widget\" data-widget_type=\"text-editor.default\">\n\t\t\t\t<div class=\"elementor-widget-container\">\n\t\t\t\t\t\t\t\t\t<p>The Ratier-figeac.com site is published by the company Weal.Co<\/p><p><b>Editor<\/b><\/p><p>SAS Weal.CO<\/p><p>70, impasse Beau Soleil<\/p><p>65300 lannemezan<\/p><p>Amount of share capital: \u20ac1000<\/p><p>Telephone: +33 (0)6 70 96 64 17<\/p><p>Contact email address: contact@weal.co<\/p><p>Publication director: tfournex@weal.co<\/p><p><b>Accommodation<\/b><\/p><p>OVH<\/p><p>2 rue Kellermann<\/p><p>59100 Roubaix<\/p><p>Website: www.ovhcloud.com<\/p><p><b>Objective and quality of content<\/b><\/p><p>This site aims to provide information on the company Ratier-Figeac and in particular to present the products and\/or services offered by the company. This site makes it possible to measure the number of visitors and determine which pages of the site users find useful thanks to the figures of navigation on certain pages in particular.<\/p><p><b>Use of content<\/b><\/p><p>The texts, articles, images, iconographies, photographs and graphic charter available on this site are the property of Ratier-Figeac, a Collins Aerospace company. Their use is subject to prior authorization from the company Ratier-Figeac.<\/p>\t\t\t\t\t\t\t\t<\/div>\n\t\t\t\t<\/div>\n\t\t\t\t\t<\/div>\n\t\t<\/div>\n\t\t\t\t\t<\/div>\n\t\t<\/section>\n\t\t\t\t<\/div>","protected":false},"excerpt":{"rendered":"<p>Mentions L\u00e9gales Le site Ratier-figeac.com est \u00e9dit\u00e9 par la soci\u00e9t\u00e9 Weal.Co Editeur SAS Weal.CO 70, impasse Beau Soleil 65300 lannemezan Montant du capital social\u00a0: 1000 \u20ac T\u00e9l\u00e9phone : +33 (0)6 70 96 64 17 Adresse email de contact : contact@weal.co Directeur de publication : tfournex@weal.co H\u00e9bergement OVH 2 rue Kellermann 59100 Roubaix Site :\u00a0www.ovhcloud.com Objectif [&hellip;]<\/p>","protected":false},"author":1,"featured_media":0,"parent":0,"menu_order":0,"comment_status":"closed","ping_status":"closed","template":"","meta":{"footnotes":""},"class_list":["post-129","page","type-page","status-publish","hentry"],"_links":{"self":[{"href":"https:\/\/ratier-figeac.fr\/en\/wp-json\/wp\/v2\/pages\/129","targetHints":{"allow":["GET"]}}],"collection":[{"href":"https:\/\/ratier-figeac.fr\/en\/wp-json\/wp\/v2\/pages"}],"about":[{"href":"https:\/\/ratier-figeac.fr\/en\/wp-json\/wp\/v2\/types\/page"}],"author":[{"embeddable":true,"href":"https:\/\/ratier-figeac.fr\/en\/wp-json\/wp\/v2\/users\/1"}],"replies":[{"embeddable":true,"href":"https:\/\/ratier-figeac.fr\/en\/wp-json\/wp\/v2\/comments?post=129"}],"version-history":[{"count":5,"href":"https:\/\/ratier-figeac.fr\/en\/wp-json\/wp\/v2\/pages\/129\/revisions"}],"predecessor-version":[{"id":381,"href":"https:\/\/ratier-figeac.fr\/en\/wp-json\/wp\/v2\/pages\/129\/revisions\/381"}],"wp:attachment":[{"href":"https:\/\/ratier-figeac.fr\/en\/wp-json\/wp\/v2\/media?parent=129"}],"curies":[{"name":"wp","href":"https:\/\/api.w.org\/{rel}","templated":true}]}}