{"id":117,"date":"2024-02-20T02:27:15","date_gmt":"2024-02-20T01:27:15","guid":{"rendered":"https:\/\/ratier-figeac.fr\/?page_id=117"},"modified":"2024-02-20T02:27:33","modified_gmt":"2024-02-20T01:27:33","slug":"le-groupe","status":"publish","type":"page","link":"https:\/\/ratier-figeac.fr\/en\/le-groupe\/","title":{"rendered":"Corporation"},"content":{"rendered":"<div data-elementor-type=\"wp-page\" data-elementor-id=\"117\" class=\"elementor elementor-117\" data-elementor-post-type=\"page\">\n\t\t\t\t\t\t<section data-particle_enable=\"false\" data-particle-mobile-disabled=\"false\" class=\"elementor-section elementor-top-section elementor-element elementor-element-66d64816 elementor-section-boxed elementor-section-height-default elementor-section-height-default\" data-id=\"66d64816\" data-element_type=\"section\" data-e-type=\"section\" data-settings=\"{&quot;background_background&quot;:&quot;classic&quot;}\">\n\t\t\t\t\t\t\t<div class=\"elementor-background-overlay\"><\/div>\n\t\t\t\t\t\t\t<div class=\"elementor-container elementor-column-gap-no\">\n\t\t\t\t\t<div class=\"elementor-column elementor-col-100 elementor-top-column elementor-element elementor-element-3bf800dd elementor-invisible\" data-id=\"3bf800dd\" data-element_type=\"column\" data-e-type=\"column\" data-settings=\"{&quot;animation&quot;:&quot;fadeInUp&quot;}\">\n\t\t\t<div class=\"elementor-widget-wrap elementor-element-populated\">\n\t\t\t\t\t\t<div class=\"elementor-element elementor-element-255ebc06 elementor-widget elementor-widget-heading\" data-id=\"255ebc06\" data-element_type=\"widget\" data-e-type=\"widget\" data-widget_type=\"heading.default\">\n\t\t\t\t<div class=\"elementor-widget-container\">\n\t\t\t\t\t<h1 class=\"elementor-heading-title elementor-size-default\">CORPORATION<\/h1>\t\t\t\t<\/div>\n\t\t\t\t<\/div>\n\t\t\t\t\t<\/div>\n\t\t<\/div>\n\t\t\t\t\t<\/div>\n\t\t<\/section>\n\t\t\t\t<section data-particle_enable=\"false\" data-particle-mobile-disabled=\"false\" class=\"elementor-section elementor-top-section elementor-element elementor-element-58ee4edf elementor-section-boxed elementor-section-height-default elementor-section-height-default\" data-id=\"58ee4edf\" data-element_type=\"section\" data-e-type=\"section\">\n\t\t\t\t\t\t<div class=\"elementor-container elementor-column-gap-default\">\n\t\t\t\t\t<div class=\"elementor-column elementor-col-100 elementor-top-column elementor-element elementor-element-77145505\" data-id=\"77145505\" data-element_type=\"column\" data-e-type=\"column\">\n\t\t\t<div class=\"elementor-widget-wrap elementor-element-populated\">\n\t\t\t\t\t\t<div class=\"elementor-element elementor-element-c891259 elementor-widget elementor-widget-spacer\" data-id=\"c891259\" data-element_type=\"widget\" data-e-type=\"widget\" data-widget_type=\"spacer.default\">\n\t\t\t\t<div class=\"elementor-widget-container\">\n\t\t\t\t\t\t\t<div class=\"elementor-spacer\">\n\t\t\t<div class=\"elementor-spacer-inner\"><\/div>\n\t\t<\/div>\n\t\t\t\t\t\t<\/div>\n\t\t\t\t<\/div>\n\t\t\t\t<div class=\"elementor-element elementor-element-762a334a elementor-widget elementor-widget-text-editor\" data-id=\"762a334a\" data-element_type=\"widget\" data-e-type=\"widget\" data-widget_type=\"text-editor.default\">\n\t\t\t\t<div class=\"elementor-widget-container\">\n\t\t\t\t\t\t\t\t\t<p>RTX<\/p>\t\t\t\t\t\t\t\t<\/div>\n\t\t\t\t<\/div>\n\t\t\t\t<div class=\"elementor-element elementor-element-546a4010 elementor-widget elementor-widget-text-editor\" data-id=\"546a4010\" data-element_type=\"widget\" data-e-type=\"widget\" data-widget_type=\"text-editor.default\">\n\t\t\t\t<div class=\"elementor-widget-container\">\n\t\t\t\t\t\t\t\t\t<div class=\"col-xs-8 col-sm-8 col-md-8 col-lg-8\"><p>Raytheon Technologies is an aeronautical and defense company that supplies high technology services and systems to commercial, military and government customers worldwide. It comprises four companies who are all leaders in their respective sectors. These are Collins Aerospace Systems, Pratt &amp; Whitney, Raytheon Intelligence &amp; Space and Raytheon Missiles &amp; Defense. Its 195,000 employees enable the company to operate at the highest level of innovation by imagining and proposing solutions that challenge the boundaries of quantum physics, electric propulsion, directed energy, hypersonics, avionics and cyber security. Created in 2020 through a merger between Raytheon and the aeronautical companies within the United Technologies Corporation, the company is headquartered in Waltham, in Massachusetts.<\/p><\/div>\t\t\t\t\t\t\t\t<\/div>\n\t\t\t\t<\/div>\n\t\t\t\t<div class=\"elementor-element elementor-element-559a53a elementor-widget elementor-widget-image\" data-id=\"559a53a\" data-element_type=\"widget\" data-e-type=\"widget\" data-widget_type=\"image.default\">\n\t\t\t\t<div class=\"elementor-widget-container\">\n\t\t\t\t\t\t\t\t\t\t\t\t\t\t\t\t<a href=\"https:\/\/www.rtx.com\">\n\t\t\t\t\t\t\t<img decoding=\"async\" width=\"290\" height=\"71\" src=\"https:\/\/ratier-figeac.fr\/wp-content\/uploads\/2024\/02\/rtx_logo.svg\" class=\"attachment-large size-large wp-image-120\" alt=\"\" \/>\t\t\t\t\t\t\t\t<\/a>\n\t\t\t\t\t\t\t\t\t\t\t\t\t\t\t<\/div>\n\t\t\t\t<\/div>\n\t\t\t\t<div class=\"elementor-element elementor-element-7492eaf7 elementor-widget elementor-widget-spacer\" data-id=\"7492eaf7\" data-element_type=\"widget\" data-e-type=\"widget\" data-widget_type=\"spacer.default\">\n\t\t\t\t<div class=\"elementor-widget-container\">\n\t\t\t\t\t\t\t<div class=\"elementor-spacer\">\n\t\t\t<div class=\"elementor-spacer-inner\"><\/div>\n\t\t<\/div>\n\t\t\t\t\t\t<\/div>\n\t\t\t\t<\/div>\n\t\t\t\t<div class=\"elementor-element elementor-element-446cbd6e elementor-widget elementor-widget-text-editor\" data-id=\"446cbd6e\" data-element_type=\"widget\" data-e-type=\"widget\" data-widget_type=\"text-editor.default\">\n\t\t\t\t<div class=\"elementor-widget-container\">\n\t\t\t\t\t\t\t\t\t<p>Collins Aerospace<\/p>\t\t\t\t\t\t\t\t<\/div>\n\t\t\t\t<\/div>\n\t\t\t\t<div class=\"elementor-element elementor-element-46cc2ba elementor-widget elementor-widget-text-editor\" data-id=\"46cc2ba\" data-element_type=\"widget\" data-e-type=\"widget\" data-widget_type=\"text-editor.default\">\n\t\t\t\t<div class=\"elementor-widget-container\">\n\t\t\t\t\t\t\t\t\t<p>In 2018, Collins Aerospace became a world leader in design, Manufacturing and maintaining smart solutions for global aerospace and defence customers by bringing together Rockwell Collins and UTC Aerospace Systems.<\/p><p>Collins Aerospace incorporates several entities, to which Propeller Systems, and therefore Ratier-Figeac are affiliated.<\/p>\t\t\t\t\t\t\t\t<\/div>\n\t\t\t\t<\/div>\n\t\t\t\t<div class=\"elementor-element elementor-element-cd8766f elementor-widget elementor-widget-image\" data-id=\"cd8766f\" data-element_type=\"widget\" data-e-type=\"widget\" data-widget_type=\"image.default\">\n\t\t\t\t<div class=\"elementor-widget-container\">\n\t\t\t\t\t\t\t\t\t\t\t\t\t\t\t\t<a href=\"https:\/\/www.collinsaerospace.com\">\n\t\t\t\t\t\t\t<img fetchpriority=\"high\" decoding=\"async\" width=\"768\" height=\"131\" src=\"https:\/\/ratier-figeac.fr\/wp-content\/uploads\/2024\/02\/cropped-Collins_Aerospace_logo_k_300-768x131.png\" class=\"attachment-medium_large size-medium_large wp-image-121\" alt=\"\" srcset=\"https:\/\/ratier-figeac.fr\/wp-content\/uploads\/2024\/02\/cropped-Collins_Aerospace_logo_k_300-768x131.png 768w, https:\/\/ratier-figeac.fr\/wp-content\/uploads\/2024\/02\/cropped-Collins_Aerospace_logo_k_300-300x51.png 300w, https:\/\/ratier-figeac.fr\/wp-content\/uploads\/2024\/02\/cropped-Collins_Aerospace_logo_k_300-1024x175.png 1024w, https:\/\/ratier-figeac.fr\/wp-content\/uploads\/2024\/02\/cropped-Collins_Aerospace_logo_k_300-1536x263.png 1536w, https:\/\/ratier-figeac.fr\/wp-content\/uploads\/2024\/02\/cropped-Collins_Aerospace_logo_k_300-18x3.png 18w, https:\/\/ratier-figeac.fr\/wp-content\/uploads\/2024\/02\/cropped-Collins_Aerospace_logo_k_300.png 1971w\" sizes=\"(max-width: 768px) 100vw, 768px\" \/>\t\t\t\t\t\t\t\t<\/a>\n\t\t\t\t\t\t\t\t\t\t\t\t\t\t\t<\/div>\n\t\t\t\t<\/div>\n\t\t\t\t\t<\/div>\n\t\t<\/div>\n\t\t\t\t\t<\/div>\n\t\t<\/section>\n\t\t\t\t<section data-particle_enable=\"false\" data-particle-mobile-disabled=\"false\" class=\"elementor-section elementor-top-section elementor-element elementor-element-2b2fe4 elementor-section-boxed elementor-section-height-default elementor-section-height-default\" data-id=\"2b2fe4\" data-element_type=\"section\" data-e-type=\"section\">\n\t\t\t\t\t\t<div class=\"elementor-container elementor-column-gap-default\">\n\t\t\t\t\t<div class=\"elementor-column elementor-col-100 elementor-top-column elementor-element elementor-element-1baa648\" data-id=\"1baa648\" data-element_type=\"column\" data-e-type=\"column\">\n\t\t\t<div class=\"elementor-widget-wrap elementor-element-populated\">\n\t\t\t\t\t\t<div class=\"elementor-element elementor-element-691bf6be elementor-hidden-mobile elementor-widget elementor-widget-spacer\" data-id=\"691bf6be\" data-element_type=\"widget\" data-e-type=\"widget\" data-widget_type=\"spacer.default\">\n\t\t\t\t<div class=\"elementor-widget-container\">\n\t\t\t\t\t\t\t<div class=\"elementor-spacer\">\n\t\t\t<div class=\"elementor-spacer-inner\"><\/div>\n\t\t<\/div>\n\t\t\t\t\t\t<\/div>\n\t\t\t\t<\/div>\n\t\t\t\t<div class=\"elementor-element elementor-element-58db455b elementor-widget elementor-widget-video\" data-id=\"58db455b\" data-element_type=\"widget\" data-e-type=\"widget\" data-settings=\"{&quot;youtube_url&quot;:&quot;https:\\\/\\\/www.youtube.com\\\/watch?v=HnuOsmHpexY&quot;,&quot;video_type&quot;:&quot;youtube&quot;,&quot;controls&quot;:&quot;yes&quot;}\" data-widget_type=\"video.default\">\n\t\t\t\t<div class=\"elementor-widget-container\">\n\t\t\t\t\t\t\t<div class=\"elementor-wrapper elementor-open-inline\">\n\t\t\t<div class=\"elementor-video\"><\/div>\t\t<\/div>\n\t\t\t\t\t\t<\/div>\n\t\t\t\t<\/div>\n\t\t\t\t\t<\/div>\n\t\t<\/div>\n\t\t\t\t\t<\/div>\n\t\t<\/section>\n\t\t\t\t<section data-particle_enable=\"false\" data-particle-mobile-disabled=\"false\" class=\"elementor-section elementor-top-section elementor-element elementor-element-1585e659 elementor-section-boxed elementor-section-height-default elementor-section-height-default\" data-id=\"1585e659\" data-element_type=\"section\" data-e-type=\"section\">\n\t\t\t\t\t\t<div class=\"elementor-container elementor-column-gap-default\">\n\t\t\t\t\t<div class=\"elementor-column elementor-col-100 elementor-top-column elementor-element elementor-element-3e4202d9\" data-id=\"3e4202d9\" data-element_type=\"column\" data-e-type=\"column\">\n\t\t\t<div class=\"elementor-widget-wrap elementor-element-populated\">\n\t\t\t\t\t\t<div class=\"elementor-element elementor-element-4c3f0dd8 elementor-hidden-mobile elementor-widget elementor-widget-spacer\" data-id=\"4c3f0dd8\" data-element_type=\"widget\" data-e-type=\"widget\" data-widget_type=\"spacer.default\">\n\t\t\t\t<div class=\"elementor-widget-container\">\n\t\t\t\t\t\t\t<div class=\"elementor-spacer\">\n\t\t\t<div class=\"elementor-spacer-inner\"><\/div>\n\t\t<\/div>\n\t\t\t\t\t\t<\/div>\n\t\t\t\t<\/div>\n\t\t\t\t\t<\/div>\n\t\t<\/div>\n\t\t\t\t\t<\/div>\n\t\t<\/section>\n\t\t\t\t<\/div>","protected":false},"excerpt":{"rendered":"<p>Le Groupe RTX Raytheon Technologies est une soci\u00e9t\u00e9 a\u00e9ronautique et d\u00e9fense qui fournit des syst\u00e8mes et des services de haute technologie aux clients commerciaux, militaires et gouvernementaux du monde entier. Il comprend quatre entreprises leaders de leurs secteurs respectifs &#8211; Collins Aerospace Systems, Pratt &amp; Whitney, Raytheon Intelligence &amp; Space et Raytheon Missiles &amp; Defense. [&hellip;]<\/p>","protected":false},"author":1,"featured_media":0,"parent":0,"menu_order":0,"comment_status":"closed","ping_status":"closed","template":"","meta":{"footnotes":""},"class_list":["post-117","page","type-page","status-publish","hentry"],"_links":{"self":[{"href":"https:\/\/ratier-figeac.fr\/en\/wp-json\/wp\/v2\/pages\/117","targetHints":{"allow":["GET"]}}],"collection":[{"href":"https:\/\/ratier-figeac.fr\/en\/wp-json\/wp\/v2\/pages"}],"about":[{"href":"https:\/\/ratier-figeac.fr\/en\/wp-json\/wp\/v2\/types\/page"}],"author":[{"embeddable":true,"href":"https:\/\/ratier-figeac.fr\/en\/wp-json\/wp\/v2\/users\/1"}],"replies":[{"embeddable":true,"href":"https:\/\/ratier-figeac.fr\/en\/wp-json\/wp\/v2\/comments?post=117"}],"version-history":[{"count":4,"href":"https:\/\/ratier-figeac.fr\/en\/wp-json\/wp\/v2\/pages\/117\/revisions"}],"predecessor-version":[{"id":128,"href":"https:\/\/ratier-figeac.fr\/en\/wp-json\/wp\/v2\/pages\/117\/revisions\/128"}],"wp:attachment":[{"href":"https:\/\/ratier-figeac.fr\/en\/wp-json\/wp\/v2\/media?parent=117"}],"curies":[{"name":"wp","href":"https:\/\/api.w.org\/{rel}","templated":true}]}}